{"id":490,"date":"2025-09-23T13:36:36","date_gmt":"2025-09-23T11:36:36","guid":{"rendered":"https:\/\/fernantes.fr\/?page_id=490"},"modified":"2026-01-22T16:21:16","modified_gmt":"2026-01-22T15:21:16","slug":"stop-aux-augmentations-de-tarifs-ter","status":"publish","type":"page","link":"https:\/\/fernantes.fr\/?page_id=490","title":{"rendered":"Stop aux augmentations de Tarifs TER."},"content":{"rendered":"\n<p><\/p>\n\n\n\n<p>Apr\u00e8s les augmentations r\u00e9alis\u00e9es le 01\/07\/2025, le repr\u00e9sentant de la r\u00e9gion a annonc\u00e9 le 19\/07\/2025 dans la presse \u00ab&nbsp;de nouvelles augmentations du m\u00eame ordre pour 2026&nbsp;\u00bb.<\/p>\n\n\n\n<p>Celles-ci ne sont pas encore vot\u00e9es. Agissons <\/p>\n\n\n\n<figure class=\"wp-block-image size-full\"><img loading=\"lazy\" decoding=\"async\" width=\"721\" height=\"414\" src=\"https:\/\/fernantes.fr\/wp-content\/uploads\/2025\/09\/image-4.png\" alt=\"\" class=\"wp-image-495\" srcset=\"https:\/\/fernantes.fr\/wp-content\/uploads\/2025\/09\/image-4.png 721w, https:\/\/fernantes.fr\/wp-content\/uploads\/2025\/09\/image-4-300x172.png 300w\" sizes=\"auto, (max-width: 721px) 100vw, 721px\" \/><\/figure>\n\n\n\n<p><strong>La hausse des tarifs TER r\u00e9gionaux&nbsp;:<\/strong><br>Alors que d&rsquo;autres r\u00e9gions limitent les augmentation de tarifs, le conseil r\u00e9gional des Pays de la Loire projette une nouvelle fois de faire passer \u00e0 la caisse les usagers en 2026.<\/p>\n\n\n\n<p><strong>Bilan des hausses des 3 derni\u00e8res ann\u00e9es&nbsp;:<\/strong><\/p>\n\n\n\n<figure class=\"wp-block-image size-full\"><img loading=\"lazy\" decoding=\"async\" width=\"533\" height=\"370\" src=\"https:\/\/fernantes.fr\/wp-content\/uploads\/2025\/09\/image-3.png\" alt=\"\" class=\"wp-image-494\" srcset=\"https:\/\/fernantes.fr\/wp-content\/uploads\/2025\/09\/image-3.png 533w, https:\/\/fernantes.fr\/wp-content\/uploads\/2025\/09\/image-3-300x208.png 300w\" sizes=\"auto, (max-width: 533px) 100vw, 533px\" \/><\/figure>\n\n\n\n<p>Selon la r\u00e9gion, les usagers doivent devenir de plus en plus les financeurs du service public ferroviaire.<br>Ceci alors que le prix est un des principaux facteur d&rsquo;attractivit\u00e9 avec l&rsquo;offre et la qualit\u00e9 de service. Mais le conseil r\u00e9gional souhaite avec ces hausses \u00ab&nbsp;stabiliser la fr\u00e9quentation des TER&nbsp;\u00bb et \u00ab&nbsp;augmenter ses recettes&nbsp;\u00bb.<br>Il existe d&rsquo;autres sources de financements possibles&nbsp;par exemple le Versement Mobilit\u00e9 R\u00e9gional.<\/p>\n\n\n\n<p><\/p>\n\n\n\n<p><strong>La question du financement des investissements&nbsp;:<\/strong><br>L&rsquo;\u00e9tat dispose lui aussi de solutions Par exemple la fin des concessions des soci\u00e9t\u00e9s d&rsquo;autoroutes propos\u00e9e par l&rsquo;inspection g\u00e9n\u00e9rale des finances en 2021 rapporterait entre 3 et 4 milliards par an.<br>Mais ce ne semble pas son 1er choix puisqu&rsquo;il envisage lui aussi de nouveaux pr\u00e9l\u00e8vements sur l&rsquo;ensemble des billets de trains.<\/p>\n\n\n\n<p>+Ecrivez \u00e0 la r\u00e9gion&nbsp;:https:\/\/aleop.paysdelaloire.fr\/form\/contact<br>+Exprimez vous au prochain comit\u00e9 de lignes&nbsp;:<br>Le 16\/10 \u00e0 Coueron<br>+Signez la P\u00e9tition pour des tarifs attractifs et solidaires:<\/p>\n\n\n\n<p><a href=\"https:\/\/agir.greenvoice.fr\/petitions\/urgence-mobilite-nous-voulons-des-trains-du-quotidien-tous-les-quart-d-heure\">https:\/\/agir.greenvoice.fr\/petitions\/urgence-mobilite-nous-voulons-des-trains-du-quotidien-tous-les-quart-d-heure<\/a><\/p>\n\n\n\n<p>Nota 19\/12\/2025: L&rsquo;augmentation pour 2026 serait \u00e9gale \u00e0 l&rsquo;inflation (Conseil r\u00e9gional 18\/12\/2025)<\/p>\n","protected":false},"excerpt":{"rendered":"<p>Apr\u00e8s les augmentations r\u00e9alis\u00e9es le 01\/07\/2025, le repr\u00e9sentant de la r\u00e9gion a annonc\u00e9 le 19\/07\/2025 dans la presse \u00ab&nbsp;de nouvelles augmentations du m\u00eame ordre pour 2026&nbsp;\u00bb. Celles-ci ne sont pas encore vot\u00e9es. Agissons La hausse des tarifs TER r\u00e9gionaux&nbsp;:Alors que d&rsquo;autres r\u00e9gions limitent les augmentation de tarifs, le conseil r\u00e9gional [&hellip;]<\/p>\n","protected":false},"author":1,"featured_media":495,"parent":0,"menu_order":0,"comment_status":"closed","ping_status":"closed","template":"","meta":{"om_disable_all_campaigns":false,"_monsterinsights_skip_tracking":false,"_monsterinsights_sitenote_active":false,"_monsterinsights_sitenote_note":"","_monsterinsights_sitenote_category":0,"footnotes":""},"class_list":["post-490","page","type-page","status-publish","has-post-thumbnail","hentry"],"aioseo_notices":[],"_links":{"self":[{"href":"https:\/\/fernantes.fr\/index.php?rest_route=\/wp\/v2\/pages\/490","targetHints":{"allow":["GET"]}}],"collection":[{"href":"https:\/\/fernantes.fr\/index.php?rest_route=\/wp\/v2\/pages"}],"about":[{"href":"https:\/\/fernantes.fr\/index.php?rest_route=\/wp\/v2\/types\/page"}],"author":[{"embeddable":true,"href":"https:\/\/fernantes.fr\/index.php?rest_route=\/wp\/v2\/users\/1"}],"replies":[{"embeddable":true,"href":"https:\/\/fernantes.fr\/index.php?rest_route=%2Fwp%2Fv2%2Fcomments&post=490"}],"version-history":[{"count":2,"href":"https:\/\/fernantes.fr\/index.php?rest_route=\/wp\/v2\/pages\/490\/revisions"}],"predecessor-version":[{"id":612,"href":"https:\/\/fernantes.fr\/index.php?rest_route=\/wp\/v2\/pages\/490\/revisions\/612"}],"wp:featuredmedia":[{"embeddable":true,"href":"https:\/\/fernantes.fr\/index.php?rest_route=\/wp\/v2\/media\/495"}],"wp:attachment":[{"href":"https:\/\/fernantes.fr\/index.php?rest_route=%2Fwp%2Fv2%2Fmedia&parent=490"}],"curies":[{"name":"wp","href":"https:\/\/api.w.org\/{rel}","templated":true}]}}