{"id":170,"date":"2024-02-07T19:31:33","date_gmt":"2024-02-07T18:31:33","guid":{"rendered":"https:\/\/fernantes.fr\/?page_id=170"},"modified":"2024-02-27T18:44:31","modified_gmt":"2024-02-27T17:44:31","slug":"petition-urgence-pour-les-trains-en-loire-atlantiquepetition","status":"publish","type":"page","link":"https:\/\/fernantes.fr\/?page_id=170","title":{"rendered":"P\u00e9tition: Urgence pour les trains en Loire-Atlantique"},"content":{"rendered":"\n<p><a href=\"https:\/\/agir.greenvoice.fr\/petitions\/urgence-mobilite-nous-voulons-des-trains-du-quotidien-tous-les-quart-d-heure\">https:\/\/agir.greenvoice.fr\/petitions\/urgence-mobilite-nous-voulons-des-trains-du-quotidien-tous-les-quart-d-heure<\/a><\/p>\n\n\n\n<p>Exigeons un service public de qualit\u00e9, des trains tous les 1\/4h au + t\u00f4t<\/p>\n\n\n\n<p>L&rsquo;offre de transport actuelle est insuffisante pour assurer correctement le service et accueillir de nouveaux usagers et usag\u00e8res souhaitant limiter l&rsquo;utilisation de leur voiture. Chaque matin, des milliers d&rsquo;habitantes et habitants du d\u00e9partement font face \u00e0 un r\u00e9seau de transport surcharg\u00e9 et insuffisant. Des trains supprim\u00e9s, des cars bond\u00e9s, une attente interminable aux heures de pointe&#8230; sont le quotidien de trop d\u2019habitants. <\/p>\n\n\n\n<p>\u00c9tat, R\u00e9gion, M\u00e9tropole et Collectivit\u00e9s ont le pouvoir d&rsquo;accompagner les habitant.es et de satisfaire leurs attentes et besoins. Pour une meilleure qualit\u00e9 de vie des habitantes et habitants, am\u00e9liorons l&rsquo;offre de transport pour tous les trajets : domicile\/travail, \u00e9tudes, loisirs&#8230;<\/p>\n\n\n\n<p>Signez la p\u00e9tition:<\/p>\n\n\n\n<p><a href=\"https:\/\/agir.greenvoice.fr\/petitions\/urgence-mobilite-nous-voulons-des-trains-du-quotidien-tous-les-quart-d-heure\">https:\/\/agir.greenvoice.fr\/petitions\/urgence-mobilite-nous-voulons-des-trains-du-quotidien-tous-les-quart-d-heure<\/a><\/p>\n","protected":false},"excerpt":{"rendered":"<p>https:\/\/agir.greenvoice.fr\/petitions\/urgence-mobilite-nous-voulons-des-trains-du-quotidien-tous-les-quart-d-heure Exigeons un service public de qualit\u00e9, des trains tous les 1\/4h au + t\u00f4t L&rsquo;offre de transport actuelle est insuffisante pour assurer correctement le service et accueillir de nouveaux usagers et usag\u00e8res souhaitant limiter l&rsquo;utilisation de leur voiture. Chaque matin, des milliers d&rsquo;habitantes et habitants du d\u00e9partement font face [&hellip;]<\/p>\n","protected":false},"author":1,"featured_media":175,"parent":0,"menu_order":0,"comment_status":"open","ping_status":"closed","template":"","meta":{"om_disable_all_campaigns":false,"_monsterinsights_skip_tracking":false,"_monsterinsights_sitenote_active":false,"_monsterinsights_sitenote_note":"","_monsterinsights_sitenote_category":0,"footnotes":""},"class_list":["post-170","page","type-page","status-publish","has-post-thumbnail","hentry"],"aioseo_notices":[],"_links":{"self":[{"href":"https:\/\/fernantes.fr\/index.php?rest_route=\/wp\/v2\/pages\/170","targetHints":{"allow":["GET"]}}],"collection":[{"href":"https:\/\/fernantes.fr\/index.php?rest_route=\/wp\/v2\/pages"}],"about":[{"href":"https:\/\/fernantes.fr\/index.php?rest_route=\/wp\/v2\/types\/page"}],"author":[{"embeddable":true,"href":"https:\/\/fernantes.fr\/index.php?rest_route=\/wp\/v2\/users\/1"}],"replies":[{"embeddable":true,"href":"https:\/\/fernantes.fr\/index.php?rest_route=%2Fwp%2Fv2%2Fcomments&post=170"}],"version-history":[{"count":5,"href":"https:\/\/fernantes.fr\/index.php?rest_route=\/wp\/v2\/pages\/170\/revisions"}],"predecessor-version":[{"id":269,"href":"https:\/\/fernantes.fr\/index.php?rest_route=\/wp\/v2\/pages\/170\/revisions\/269"}],"wp:featuredmedia":[{"embeddable":true,"href":"https:\/\/fernantes.fr\/index.php?rest_route=\/wp\/v2\/media\/175"}],"wp:attachment":[{"href":"https:\/\/fernantes.fr\/index.php?rest_route=%2Fwp%2Fv2%2Fmedia&parent=170"}],"curies":[{"name":"wp","href":"https:\/\/api.w.org\/{rel}","templated":true}]}}